{"id":4015,"date":"2016-05-12T23:46:02","date_gmt":"2016-05-12T21:46:02","guid":{"rendered":"http:\/\/www.meerzeit-binz.de\/sv\/impressum\/"},"modified":"2017-06-12T21:28:20","modified_gmt":"2017-06-12T19:28:20","slug":"staempel","status":"publish","type":"page","link":"https:\/\/www.meerzeit-binz.de\/sv\/staempel\/","title":{"rendered":"St\u00e4mpel"},"content":{"rendered":"<p><strong>Adress:<\/strong><\/p>\n<p>NM Hotelmanagement GmbH<br \/>\nBahnhofstra\u00dfe 17<br \/>\nD-18609 Ostseebad Binz<br \/>\nTyskland<\/p>\n<p><strong>Telefon:<\/strong><br \/>\n+49 38393 1460<br \/>\n<strong><br \/>\nFax:<\/strong><br \/>\n+49 38393 14679<\/p>\n<p><strong>Email:<\/strong><br \/>\ninfo@meerzeit-binz.de<\/p>\n<p>Chef:<br \/>\nMichael M\u00fcller<\/p>\n<p>Tax-ID: DE 298451545<\/p>\n<p>Website:<br \/>\n<a href=\"http:\/\/www.monocor.de\">monocor<\/a><\/p>\n<div class=\"su-spacer\" style=\"height:40px\"><\/div>\n<p>K\u00e4llor:<\/p>\n<p><strong>Bilder:<\/strong><br \/>\nFrontpage: Bianca Lohr &#8211;\u00a0<a href=\"http:\/\/www.zauberwelten-verlag.de\">Zauberwelten<\/a><br \/>\nOther\u00a0photos: shutterstock.com (<a href=\"http:\/\/www.shutterstock.com\/gallery-1770455p1.html\">ThomBal<\/a>,\u00a0<a href=\"http:\/\/www.shutterstock.com\/gallery-906643p1.html\">travelpeter<\/a>), fotolia.de (<a title=\"Das komplette Portfolio von pure-life-pictures ansehen\" href=\"https:\/\/de.fotolia.com\/p\/203371505\">pure-life-pictures<\/a>,\u00a0<a title=\"Das komplette Portfolio von Manuel Sch\u00f6nfeld ansehen\" href=\"https:\/\/de.fotolia.com\/p\/204549237\">Manuel Sch\u00f6nfeld<\/a>,\u00a0<a title=\"Das komplette Portfolio von marverick ansehen\" href=\"https:\/\/de.fotolia.com\/p\/204626548\">maverick<\/a>)<\/p>\n<h2>Haftungsausschluss (Disclaimer)<\/h2>\n<p>Haftung f\u00fcr Inhalte<\/p>\n<p>Als Diensteanbieter sind wir gem\u00e4\u00df \u00a7 7 Abs.1 TMG f\u00fcr eigene Inhalte auf diesen Seiten nach den allgemeinen Gesetzen verantwortlich. Nach \u00a7\u00a7 8 bis 10 TMG sind wir als Diensteanbieter jedoch nicht verpflichtet, \u00fcbermittelte oder gespeicherte fremde Informationen zu \u00fcberwachen oder nach Umst\u00e4nden zu forschen, die auf eine rechtswidrige T\u00e4tigkeit hinweisen. Verpflichtungen zur Entfernung oder Sperrung der Nutzung von Informationen nach den allgemeinen Gesetzen bleiben hiervon unber\u00fchrt. Eine diesbez\u00fcgliche Haftung ist jedoch erst ab dem Zeitpunkt der Kenntnis einer konkreten Rechtsverletzung m\u00f6glich. Bei Bekanntwerden von entsprechenden Rechtsverletzungen werden wir diese Inhalte umgehend entfernen.<\/p>\n<p>Haftung f\u00fcr Links<\/p>\n<p>Unser Angebot enth\u00e4lt Links zu externen Webseiten Dritter, auf deren Inhalte wir keinen Einfluss haben. Deshalb k\u00f6nnen wir f\u00fcr diese fremden Inhalte auch keine Gew\u00e4hr \u00fcbernehmen. F\u00fcr die Inhalte der verlinkten Seiten ist stets der jeweilige Anbieter oder Betreiber der Seiten verantwortlich. Die verlinkten Seiten wurden zum Zeitpunkt der Verlinkung auf m\u00f6gliche Rechtsverst\u00f6\u00dfe \u00fcberpr\u00fcft. Rechtswidrige Inhalte waren zum Zeitpunkt der Verlinkung nicht erkennbar. Eine permanente inhaltliche Kontrolle der verlinkten Seiten ist jedoch ohne konkrete Anhaltspunkte einer Rechtsverletzung nicht zumutbar. Bei Bekanntwerden von Rechtsverletzungen werden wir derartige Links umgehend entfernen.<\/p>\n<p>Urheberrecht<\/p>\n<p>Die durch die Seitenbetreiber erstellten Inhalte und Werke auf diesen Seiten unterliegen dem deutschen Urheberrecht. Die Vervielf\u00e4ltigung, Bearbeitung, Verbreitung und jede Art der Verwertung au\u00dferhalb der Grenzen des Urheberrechtes bed\u00fcrfen der schriftlichen Zustimmung des jeweiligen Autors bzw. Erstellers. Downloads und Kopien dieser Seite sind nur f\u00fcr den privaten, nicht kommerziellen Gebrauch gestattet. Soweit die Inhalte auf dieser Seite nicht vom Betreiber erstellt wurden, werden die Urheberrechte Dritter beachtet. Insbesondere werden Inhalte Dritter als solche gekennzeichnet. Sollten Sie trotzdem auf eine Urheberrechtsverletzung aufmerksam werden, bitten wir um einen entsprechenden Hinweis. Bei Bekanntwerden von Rechtsverletzungen werden wir derartige Inhalte umgehend entfernen.<\/p>\n<p>Quellen:\u00a0<a href=\"http:\/\/www.e-recht24.de\/muster-disclaimer.html\" target=\"_blank\" rel=\"nofollow\">eRecht24<\/a><\/p>\n<div class=\"su-spacer\" style=\"height:100px\"><\/div>\n","protected":false},"excerpt":{"rendered":"<p>Adress: NM Hotelmanagement GmbH Bahnhofstra\u00dfe 17 D-18609 Ostseebad Binz Tyskland Telefon: +49 38393 1460 Fax: +49 38393 14679 Email: info@meerzeit-binz.de Chef: Michael M\u00fcller Tax-ID: DE 298451545 Website: monocor K\u00e4llor: Bilder: Frontpage: Bianca Lohr &#8211;\u00a0Zauberwelten Other\u00a0photos: shutterstock.com (ThomBal,\u00a0travelpeter), fotolia.de (pure-life-pictures,\u00a0Manuel Sch\u00f6nfeld,\u00a0maverick) Haftungsausschluss (Disclaimer) Haftung f\u00fcr Inhalte [&hellip;]<\/p>\n","protected":false},"author":1,"featured_media":0,"parent":0,"menu_order":61,"comment_status":"closed","ping_status":"closed","template":"","meta":{"footnotes":""},"class_list":["post-4015","page","type-page","status-publish","hentry"],"yoast_head":"<!-- This site is optimized with the Yoast SEO plugin v27.4 - https:\/\/yoast.com\/product\/yoast-seo-wordpress\/ -->\n<title>St\u00e4mpel - Hotel Meerzeit Binz on Ruegen at the baltic sea<\/title>\n<meta name=\"robots\" content=\"index, follow, max-snippet:-1, max-image-preview:large, max-video-preview:-1\" \/>\n<link rel=\"canonical\" href=\"https:\/\/www.meerzeit-binz.de\/sv\/staempel\/\" \/>\n<meta property=\"og:locale\" content=\"sv_SE\" \/>\n<meta property=\"og:type\" content=\"article\" \/>\n<meta property=\"og:title\" content=\"St\u00e4mpel - Hotel Meerzeit Binz on Ruegen at the baltic sea\" \/>\n<meta property=\"og:description\" content=\"Adress: NM Hotelmanagement GmbH Bahnhofstra\u00dfe 17 D-18609 Ostseebad Binz Tyskland Telefon: +49 38393 1460 Fax: +49 38393 14679 Email: info@meerzeit-binz.de Chef: Michael M\u00fcller Tax-ID: DE 298451545 Website: monocor K\u00e4llor: Bilder: Frontpage: Bianca Lohr &#8211;\u00a0Zauberwelten Other\u00a0photos: shutterstock.com (ThomBal,\u00a0travelpeter), fotolia.de (pure-life-pictures,\u00a0Manuel Sch\u00f6nfeld,\u00a0maverick) Haftungsausschluss (Disclaimer) Haftung f\u00fcr Inhalte [&hellip;]\" \/>\n<meta property=\"og:url\" content=\"https:\/\/www.meerzeit-binz.de\/sv\/staempel\/\" \/>\n<meta property=\"og:site_name\" content=\"Hotel Meerzeit Binz on Ruegen at the baltic sea\" \/>\n<meta property=\"article:modified_time\" content=\"2017-06-12T19:28:20+00:00\" \/>\n<meta name=\"twitter:card\" content=\"summary_large_image\" \/>\n<meta name=\"twitter:label1\" content=\"Ber\u00e4knad l\u00e4stid\" \/>\n\t<meta name=\"twitter:data1\" content=\"2 minuter\" \/>\n<script type=\"application\/ld+json\" class=\"yoast-schema-graph\">{\"@context\":\"https:\\\/\\\/schema.org\",\"@graph\":[{\"@type\":\"WebPage\",\"@id\":\"https:\\\/\\\/www.meerzeit-binz.de\\\/sv\\\/staempel\\\/\",\"url\":\"https:\\\/\\\/www.meerzeit-binz.de\\\/sv\\\/staempel\\\/\",\"name\":\"St\u00e4mpel - Hotel Meerzeit Binz on Ruegen at the baltic sea\",\"isPartOf\":{\"@id\":\"https:\\\/\\\/www.meerzeit-binz.de\\\/sv\\\/#website\"},\"datePublished\":\"2016-05-12T21:46:02+00:00\",\"dateModified\":\"2017-06-12T19:28:20+00:00\",\"breadcrumb\":{\"@id\":\"https:\\\/\\\/www.meerzeit-binz.de\\\/sv\\\/staempel\\\/#breadcrumb\"},\"inLanguage\":\"sv-SE\",\"potentialAction\":[{\"@type\":\"ReadAction\",\"target\":[\"https:\\\/\\\/www.meerzeit-binz.de\\\/sv\\\/staempel\\\/\"]}]},{\"@type\":\"BreadcrumbList\",\"@id\":\"https:\\\/\\\/www.meerzeit-binz.de\\\/sv\\\/staempel\\\/#breadcrumb\",\"itemListElement\":[{\"@type\":\"ListItem\",\"position\":1,\"name\":\"Home\",\"item\":\"https:\\\/\\\/www.meerzeit-binz.de\\\/sv\\\/\"},{\"@type\":\"ListItem\",\"position\":2,\"name\":\"St\u00e4mpel\"}]},{\"@type\":\"WebSite\",\"@id\":\"https:\\\/\\\/www.meerzeit-binz.de\\\/sv\\\/#website\",\"url\":\"https:\\\/\\\/www.meerzeit-binz.de\\\/sv\\\/\",\"name\":\"Hotel Meerzeit Binz on Ruegen at the baltic sea\",\"description\":\"Ditt hotell p\u00e5 R\u00fcgen\",\"publisher\":{\"@id\":\"https:\\\/\\\/www.meerzeit-binz.de\\\/sv\\\/#organization\"},\"potentialAction\":[{\"@type\":\"SearchAction\",\"target\":{\"@type\":\"EntryPoint\",\"urlTemplate\":\"https:\\\/\\\/www.meerzeit-binz.de\\\/sv\\\/?s={search_term_string}\"},\"query-input\":{\"@type\":\"PropertyValueSpecification\",\"valueRequired\":true,\"valueName\":\"search_term_string\"}}],\"inLanguage\":\"sv-SE\"},{\"@type\":\"Organization\",\"@id\":\"https:\\\/\\\/www.meerzeit-binz.de\\\/sv\\\/#organization\",\"name\":\"Hotel Meerzeit\",\"url\":\"https:\\\/\\\/www.meerzeit-binz.de\\\/sv\\\/\",\"logo\":{\"@type\":\"ImageObject\",\"inLanguage\":\"sv-SE\",\"@id\":\"https:\\\/\\\/www.meerzeit-binz.de\\\/sv\\\/#\\\/schema\\\/logo\\\/image\\\/\",\"url\":\"https:\\\/\\\/www.meerzeit-binz.de\\\/wp-content\\\/uploads\\\/logo-hotel-meerzeit-binz-s.png\",\"contentUrl\":\"https:\\\/\\\/www.meerzeit-binz.de\\\/wp-content\\\/uploads\\\/logo-hotel-meerzeit-binz-s.png\",\"width\":540,\"height\":400,\"caption\":\"Hotel Meerzeit\"},\"image\":{\"@id\":\"https:\\\/\\\/www.meerzeit-binz.de\\\/sv\\\/#\\\/schema\\\/logo\\\/image\\\/\"}}]}<\/script>\n<!-- \/ Yoast SEO plugin. -->","yoast_head_json":{"title":"St\u00e4mpel - Hotel Meerzeit Binz on Ruegen at the baltic sea","robots":{"index":"index","follow":"follow","max-snippet":"max-snippet:-1","max-image-preview":"max-image-preview:large","max-video-preview":"max-video-preview:-1"},"canonical":"https:\/\/www.meerzeit-binz.de\/sv\/staempel\/","og_locale":"sv_SE","og_type":"article","og_title":"St\u00e4mpel - Hotel Meerzeit Binz on Ruegen at the baltic sea","og_description":"Adress: NM Hotelmanagement GmbH Bahnhofstra\u00dfe 17 D-18609 Ostseebad Binz Tyskland Telefon: +49 38393 1460 Fax: +49 38393 14679 Email: info@meerzeit-binz.de Chef: Michael M\u00fcller Tax-ID: DE 298451545 Website: monocor K\u00e4llor: Bilder: Frontpage: Bianca Lohr &#8211;\u00a0Zauberwelten Other\u00a0photos: shutterstock.com (ThomBal,\u00a0travelpeter), fotolia.de (pure-life-pictures,\u00a0Manuel Sch\u00f6nfeld,\u00a0maverick) Haftungsausschluss (Disclaimer) Haftung f\u00fcr Inhalte [&hellip;]","og_url":"https:\/\/www.meerzeit-binz.de\/sv\/staempel\/","og_site_name":"Hotel Meerzeit Binz on Ruegen at the baltic sea","article_modified_time":"2017-06-12T19:28:20+00:00","twitter_card":"summary_large_image","twitter_misc":{"Ber\u00e4knad l\u00e4stid":"2 minuter"},"schema":{"@context":"https:\/\/schema.org","@graph":[{"@type":"WebPage","@id":"https:\/\/www.meerzeit-binz.de\/sv\/staempel\/","url":"https:\/\/www.meerzeit-binz.de\/sv\/staempel\/","name":"St\u00e4mpel - Hotel Meerzeit Binz on Ruegen at the baltic sea","isPartOf":{"@id":"https:\/\/www.meerzeit-binz.de\/sv\/#website"},"datePublished":"2016-05-12T21:46:02+00:00","dateModified":"2017-06-12T19:28:20+00:00","breadcrumb":{"@id":"https:\/\/www.meerzeit-binz.de\/sv\/staempel\/#breadcrumb"},"inLanguage":"sv-SE","potentialAction":[{"@type":"ReadAction","target":["https:\/\/www.meerzeit-binz.de\/sv\/staempel\/"]}]},{"@type":"BreadcrumbList","@id":"https:\/\/www.meerzeit-binz.de\/sv\/staempel\/#breadcrumb","itemListElement":[{"@type":"ListItem","position":1,"name":"Home","item":"https:\/\/www.meerzeit-binz.de\/sv\/"},{"@type":"ListItem","position":2,"name":"St\u00e4mpel"}]},{"@type":"WebSite","@id":"https:\/\/www.meerzeit-binz.de\/sv\/#website","url":"https:\/\/www.meerzeit-binz.de\/sv\/","name":"Hotel Meerzeit Binz on Ruegen at the baltic sea","description":"Ditt hotell p\u00e5 R\u00fcgen","publisher":{"@id":"https:\/\/www.meerzeit-binz.de\/sv\/#organization"},"potentialAction":[{"@type":"SearchAction","target":{"@type":"EntryPoint","urlTemplate":"https:\/\/www.meerzeit-binz.de\/sv\/?s={search_term_string}"},"query-input":{"@type":"PropertyValueSpecification","valueRequired":true,"valueName":"search_term_string"}}],"inLanguage":"sv-SE"},{"@type":"Organization","@id":"https:\/\/www.meerzeit-binz.de\/sv\/#organization","name":"Hotel Meerzeit","url":"https:\/\/www.meerzeit-binz.de\/sv\/","logo":{"@type":"ImageObject","inLanguage":"sv-SE","@id":"https:\/\/www.meerzeit-binz.de\/sv\/#\/schema\/logo\/image\/","url":"https:\/\/www.meerzeit-binz.de\/wp-content\/uploads\/logo-hotel-meerzeit-binz-s.png","contentUrl":"https:\/\/www.meerzeit-binz.de\/wp-content\/uploads\/logo-hotel-meerzeit-binz-s.png","width":540,"height":400,"caption":"Hotel Meerzeit"},"image":{"@id":"https:\/\/www.meerzeit-binz.de\/sv\/#\/schema\/logo\/image\/"}}]}},"_links":{"self":[{"href":"https:\/\/www.meerzeit-binz.de\/sv\/wp-json\/wp\/v2\/pages\/4015","targetHints":{"allow":["GET"]}}],"collection":[{"href":"https:\/\/www.meerzeit-binz.de\/sv\/wp-json\/wp\/v2\/pages"}],"about":[{"href":"https:\/\/www.meerzeit-binz.de\/sv\/wp-json\/wp\/v2\/types\/page"}],"author":[{"embeddable":true,"href":"https:\/\/www.meerzeit-binz.de\/sv\/wp-json\/wp\/v2\/users\/1"}],"replies":[{"embeddable":true,"href":"https:\/\/www.meerzeit-binz.de\/sv\/wp-json\/wp\/v2\/comments?post=4015"}],"version-history":[{"count":4,"href":"https:\/\/www.meerzeit-binz.de\/sv\/wp-json\/wp\/v2\/pages\/4015\/revisions"}],"predecessor-version":[{"id":4240,"href":"https:\/\/www.meerzeit-binz.de\/sv\/wp-json\/wp\/v2\/pages\/4015\/revisions\/4240"}],"wp:attachment":[{"href":"https:\/\/www.meerzeit-binz.de\/sv\/wp-json\/wp\/v2\/media?parent=4015"}],"curies":[{"name":"wp","href":"https:\/\/api.w.org\/{rel}","templated":true}]}}