{"id":3998,"date":"2016-02-18T14:18:48","date_gmt":"2016-02-18T14:18:48","guid":{"rendered":"http:\/\/www.meerzeit-binz.de\/sv\/restaurant-home\/"},"modified":"2024-12-18T13:40:09","modified_gmt":"2024-12-18T12:40:09","slug":"hotel-home","status":"publish","type":"page","link":"https:\/\/www.meerzeit-binz.de\/sv\/","title":{"rendered":"Frontpage"},"content":{"rendered":"<section class=\"wpb-content-wrapper\">[vc_row][vc_column][vc_column_text]\n<div style=\"width: 100%; padding: 3rem 0 3rem 0; background-color: #10c9c3; color: #fff; text-align: center;\"><span style=\"font-size: 1.5rem; margin-right: 0.25rem;\"><strong>LAST MINUTE<\/strong><br \/>\nEnkelrum <strong style=\"font-size: 1.5rem; font-weight: bold;\">fr\u00e5n<\/strong><strong style=\"font-size: 1.5rem; font-weight: bold;\">\u00a079,\u2013 \u20ac \u00a0| \u00a0<\/strong>Dubbelrum <strong style=\"font-size: 1.5rem; font-weight: bold;\">fr\u00e5n<\/strong><strong style=\"font-size: 1.5rem; font-weight: bold;\">\u00a089,\u2013 \u20ac<\/strong><\/span><\/div>\n[\/vc_column_text][\/vc_column][\/vc_row][vc_row][vc_column][vc_column_text]\n[\/vc_column_text][\/vc_column][\/vc_row][vc_row content_width=&#8221;grid&#8221; content_aligment=&#8221;center&#8221;][vc_column offset=&#8221;vc_hidden-lg vc_hidden-md vc_hidden-sm vc_hidden-xs&#8221;][vc_empty_space height=&#8221;60px&#8221;][vc_column_text css=&#8221;.vc_custom_1463091432176{margin-bottom: 50px !important;padding-top: 15px !important;padding-bottom: 25px !important;background-color: #efac37 !important;}&#8221;]<span style=\"color: #ffffff; font-size: 18px; font-weight: 800; text-transform: uppercase;\">LAST MINUTE:\u00a0<\/span><span style=\"color: #ffffff;\">2 \u00dcbernachtungen inkl. Fr\u00fchst\u00fcck im Doppelzimmer,<\/span><span style=\"color: #ffffff; font-weight: 800;\">ab 123,45 \u20ac\u00a0<\/span><a href=\"https:\/\/www.meerzeit-binz.de\" class=\"su-button su-button-style-margin-left40px\" style=\"color:#EDAB44;background-color:#ffffff;border-color:#cccccc;border-radius:3px\" target=\"_self\"><span style=\"color:#EDAB44;padding:0px 20px;font-size:16px;line-height:32px;border-color:#ffffff;border-radius:3px;text-shadow:none\"> Mer<\/span><\/a>[\/vc_column_text][\/vc_column][\/vc_row][vc_row content_width=&#8221;grid&#8221; css=&#8221;.vc_custom_1463089128745{padding-bottom: 50px !important;}&#8221;][vc_column][vc_column_text css=&#8221;.vc_custom_1516153357488{padding-top: 60px !important;padding-right: 60px !important;padding-bottom: 60px !important;padding-left: 60px !important;background-color: #f7f7f7 !important;}&#8221;]<div class=\"su-row\"><div class=\"su-column su-column-size-1-2\"><div class=\"su-column-inner su-u-clearfix su-u-trim\"><div class=\"su-spacer\" style=\"height:40px\"><\/div>\n<h4 style=\"text-align: center;\">BOST\u00c4DER MED KLASS<\/h4>\n<p style=\"text-align: center;\">V\u00e5rt hotell p\u00e5 Bahnhofstrasse erbjuder 27 dubbelrum och 2 enkelrum av h\u00f6gsta kvalitet. Alla rum \u00e4r utrustade med dusch, TV, telefon och gratis WiFi f\u00f6r v\u00e5ra g\u00e4ster. Vi och v\u00e5rt team v\u00e4lkomnar dig till en bekv\u00e4m vistelse p\u00e5 v\u00e5rt hotell p\u00e5 \u00f6n R\u00fcgen.<\/p>\n<p style=\"text-align: center;\"><div class=\"su-spacer\" style=\"height:20px\"><\/div>\n<p style=\"text-align: center;\"><a href=\"\/zimmer\/\" target=\"_self\" style=\"font-size: 15px\" class=\"edgtf-btn edgtf-btn-large edgtf-btn-solid\"  >\n   \t        \t<span class=\"edgtf-btn-text\">Rummen<\/span>\n        <i class=\"edgtf-icon-font-awesome fa  \" ><\/i><\/a>\n<\/div><\/div>\n<div class=\"su-column su-column-size-1-2\"><div class=\"su-column-inner su-u-clearfix su-u-trim\">\n<img loading=\"lazy\" decoding=\"async\" class=\"aligncenter size-large wp-image-4160\" src=\"https:\/\/www.meerzeit-binz.de\/wp-content\/uploads\/img-zimmer-superior-1024x683.jpg\" alt=\"\" width=\"1024\" height=\"683\" srcset=\"https:\/\/www.meerzeit-binz.de\/wp-content\/uploads\/img-zimmer-superior-1024x683.jpg 1024w, https:\/\/www.meerzeit-binz.de\/wp-content\/uploads\/img-zimmer-superior-300x200.jpg 300w, https:\/\/www.meerzeit-binz.de\/wp-content\/uploads\/img-zimmer-superior-1100x733.jpg 1100w, https:\/\/www.meerzeit-binz.de\/wp-content\/uploads\/img-zimmer-superior.jpg 1200w\" sizes=\"auto, (max-width: 1024px) 100vw, 1024px\" \/><br \/>\n<\/div><\/div>\n<\/div>[\/vc_column_text][\/vc_column][\/vc_row][vc_row content_width=&#8221;grid&#8221; css=&#8221;.vc_custom_1463089161252{padding-bottom: 50px !important;}&#8221;][vc_column][vc_column_text css=&#8221;.vc_custom_1465248311196{padding-top: 60px !important;padding-right: 60px !important;padding-bottom: 60px !important;padding-left: 60px !important;background-color: #f7f7f7 !important;}&#8221;]<div class=\"su-row\"><div class=\"su-column su-column-size-1-2\"><div class=\"su-column-inner su-u-clearfix su-u-trim\"><img loading=\"lazy\" decoding=\"async\" class=\"aligncenter wp-image-3948 size-large\" src=\"https:\/\/www.meerzeit-binz.de\/wp-content\/uploads\/img-baederarchitektur-1024x683.jpg\" width=\"1024\" height=\"683\" srcset=\"https:\/\/www.meerzeit-binz.de\/wp-content\/uploads\/img-baederarchitektur-1024x683.jpg 1024w, https:\/\/www.meerzeit-binz.de\/wp-content\/uploads\/img-baederarchitektur-300x200.jpg 300w, https:\/\/www.meerzeit-binz.de\/wp-content\/uploads\/img-baederarchitektur-1100x733.jpg 1100w, https:\/\/www.meerzeit-binz.de\/wp-content\/uploads\/img-baederarchitektur.jpg 1200w\" sizes=\"auto, (max-width: 1024px) 100vw, 1024px\" \/><\/div><\/div>\n<div class=\"su-column su-column-size-1-2\"><div class=\"su-column-inner su-u-clearfix su-u-trim\">\n<h4 style=\"text-align: center;\">DET HISTORISKA BINZ<\/h4>\n<p style=\"text-align: center;\">En g\u00e5ng i tiden var Binz en liten fiskeby bel\u00e4gen p\u00e5 den breda vita kusten vid \u00d6stersj\u00f6n, men n\u00e4r det blev popul\u00e4rt att bada, runt 1884, utvecklades byn till en vacker badort. Badortsarkitekturen \u00e4r fortfarande en framtr\u00e4dande del av stadsbilden.<\/p>\n<p style=\"text-align: center;\"><div class=\"su-spacer\" style=\"height:20px\"><\/div>\n<p style=\"text-align: center;\"><a href=\"\/hotel\/\" target=\"_self\" style=\"font-size: 15px\" class=\"edgtf-btn edgtf-btn-large edgtf-btn-solid\"  >\n   \t        \t<span class=\"edgtf-btn-text\">Mer om Binz<\/span>\n        <i class=\"edgtf-icon-font-awesome fa  \" ><\/i><\/a>\n<\/div><\/div><\/div>[\/vc_column_text][\/vc_column][\/vc_row][vc_row row_type=&#8221;parallax&#8221; content_width=&#8221;grid&#8221; content_aligment=&#8221;center&#8221; full_screen_section_height=&#8221;no&#8221; parallax_background_image=&#8221;4527&#8243; parallax_speed=&#8221;0.4&#8243;][vc_column]<div class=\"edgtf-elements-holder edgtf-responsive-mode-768\" ><div class=\"edgtf-elements-holder-item \"  >\n\t<div class=\"edgtf-elements-holder-item-inner\">\n\t\t<div class=\"edgtf-elements-holder-item-content edgtf-elements-holder-custom-688497\" style=\"padding: 12.5% 0% 19% 0%\">\n\t\t\t\t\t\t[vc_column_text]\n<h3><span style=\"color: #ffffff;\">Slappna av och m\u00e5 bra<\/span><\/h3>\n[\/vc_column_text][vc_empty_space height=&#8221;21&#8243;][vc_column_text]<span style=\"color: #ffffff;\"> Uppt\u00e4ck v\u00e5rt lilla men trevliga spa utrustat med pool och bastu.<br \/>\n<\/span>[\/vc_column_text][vc_empty_space height=&#8221;48&#8243;]<a href=\"\/wellness\/\" target=\"_self\" style=\"color: #ffffff\" class=\"edgtf-btn edgtf-btn-large edgtf-btn-outline edgtf-btn-custom-hover-bg edgtf-btn-custom-border-hover edgtf-btn-custom-hover-color\" data-hover-bg-color=\"#ffffff\" data-hover-color=\"#333333\" data-hover-border-color=\"#ffffff\" >\n   \t   \t\t<span class=\"edgtf-button-background edgtf-before\"><\/span>\n   \t\t<span class=\"edgtf-button-background edgtf-after\"><\/span>\n   \t        \t<span class=\"edgtf-btn-text\">V\u00e4lm\u00e5ende<\/span>\n        <\/a>\t\t<\/div>\n\t<\/div>\n<\/div><\/div>[\/vc_column][\/vc_row][vc_row content_width=&#8221;grid&#8221; css=&#8221;.vc_custom_1463089035565{background-color: #ffffff !important;}&#8221;][vc_column width=&#8221;1\/2&#8243; css=&#8221;.vc_custom_1463088855036{background-color: #ffffff !important;background-position: center !important;background-repeat: no-repeat !important;background-size: cover !important;}&#8221;][vc_column_text css=&#8221;.vc_custom_1465248416780{padding-top: 60px !important;padding-right: 60px !important;padding-bottom: 60px !important;padding-left: 60px !important;background-color: #ffffff !important;}&#8221;]\n<h4 style=\"text-align: center;\">FRUKOSTRESTAURANG<\/h4>\n<p style=\"text-align: center;\">Njut av en v\u00e4lfylld buff\u00e9 som inneh\u00e5ller olika ost- och korvspecialiteter, frukt och gr\u00f6nsaker, flingor, h\u00e4lsosamma fruktjuicer och ett utbud av kaffe och te.<\/p>\n[\/vc_column_text][\/vc_column][vc_column width=&#8221;1\/2&#8243; css=&#8221;.vc_custom_1463088309265{background-color: #ffffff !important;}&#8221;][vc_column_text css=&#8221;.vc_custom_1465248455748{padding-top: 60px !important;padding-right: 60px !important;padding-bottom: 60px !important;padding-left: 60px !important;background-color: #ffffff !important;}&#8221;]\n<h4 style=\"text-align: center;\">M\u00d6TEN OCH EVENEMANG<\/h4>\n<p style=\"text-align: center;\">Vi kan erbjuda catering f\u00f6r dina evenemang och hj\u00e4lpa dig med dina egna id\u00e9er. Ring oss och diskutera dina buff\u00e9- och partyplaner. Vi kan erbjuda dig ett stort utbud av r\u00e4tter och snacks. Hos oss finns n\u00e5got f\u00f6r alla smaker.<\/p>\n[\/vc_column_text][\/vc_column][\/vc_row][vc_row content_aligment=&#8221;center&#8221;][vc_column][vc_column_text]<a href=\"#\" target=\"_self\" style=\"font-size: 15px\" class=\"edgtf-btn edgtf-btn-large edgtf-btn-solid\"  >\n   \t        \t<span class=\"edgtf-btn-text\">Gastronomi<\/span>\n        <i class=\"edgtf-icon-font-awesome fa  \" ><\/i><\/a>[\/vc_column_text][\/vc_column][\/vc_row][vc_row][vc_column][vc_empty_space height=&#8221;100px&#8221;][\/vc_column][\/vc_row]\n<\/section>","protected":false},"excerpt":{"rendered":"<p>[vc_row][vc_column][vc_column_text] LAST MINUTE Enkelrum fr\u00e5n\u00a079,\u2013 \u20ac \u00a0| \u00a0Dubbelrum fr\u00e5n\u00a089,\u2013 \u20ac [\/vc_column_text][\/vc_column][\/vc_row][vc_row][vc_column][vc_column_text] [\/vc_column_text][\/vc_column][\/vc_row][vc_row content_width=&#8221;grid&#8221; content_aligment=&#8221;center&#8221;][vc_column offset=&#8221;vc_hidden-lg vc_hidden-md vc_hidden-sm vc_hidden-xs&#8221;][vc_empty_space height=&#8221;60px&#8221;][vc_column_text css=&#8221;.vc_custom_1463091432176{margin-bottom: 50px !important;padding-top: 15px !important;padding-bottom: 25px !important;background-color: #efac37 !important;}&#8221;]LAST MINUTE:\u00a02 \u00dcbernachtungen inkl. Fr\u00fchst\u00fcck im Doppelzimmer,ab 123,45 \u20ac\u00a0[\/vc_column_text][\/vc_column][\/vc_row][vc_row content_width=&#8221;grid&#8221; css=&#8221;.vc_custom_1463089128745{padding-bottom: 50px !important;}&#8221;][vc_column][vc_column_text css=&#8221;.vc_custom_1516153357488{padding-top: 60px !important;padding-right: 60px !important;padding-bottom: [&hellip;]<\/p>\n","protected":false},"author":1,"featured_media":0,"parent":0,"menu_order":26,"comment_status":"closed","ping_status":"closed","template":"full-width.php","meta":{"footnotes":""},"class_list":["post-3998","page","type-page","status-publish","hentry"],"yoast_head":"<!-- This site is optimized with the Yoast SEO plugin v27.5 - https:\/\/yoast.com\/product\/yoast-seo-wordpress\/ -->\n<title>Hotel Meerzeit Binz \u2013 Ihr Wohlf\u00fchl-Hotel an der Ostsee<\/title>\n<meta name=\"description\" content=\"Sie haben eine gute Wahl getroffen! Willkommen im Hotel Meerzeit, Ihrem Wohlf\u00fchlhotel im Ostseebad Binz auf R\u00fcgen, unweit der Schmachte-See-Promenade.\" \/>\n<meta name=\"robots\" content=\"index, follow, max-snippet:-1, max-image-preview:large, max-video-preview:-1\" \/>\n<link rel=\"canonical\" href=\"https:\/\/www.meerzeit-binz.de\/sv\/\" \/>\n<meta property=\"og:locale\" content=\"sv_SE\" \/>\n<meta property=\"og:type\" content=\"article\" \/>\n<meta property=\"og:title\" content=\"Hotel Meerzeit Binz \u2013 Ihr Wohlf\u00fchl-Hotel an der Ostsee\" \/>\n<meta property=\"og:description\" content=\"Sie haben eine gute Wahl getroffen! Willkommen im Hotel Meerzeit, Ihrem Wohlf\u00fchlhotel im Ostseebad Binz auf R\u00fcgen, unweit der Schmachte-See-Promenade.\" \/>\n<meta property=\"og:url\" content=\"https:\/\/www.meerzeit-binz.de\/sv\/\" \/>\n<meta property=\"og:site_name\" content=\"Hotel Meerzeit Binz on Ruegen at the baltic sea\" \/>\n<meta property=\"article:modified_time\" content=\"2024-12-18T12:40:09+00:00\" \/>\n<meta property=\"og:image\" content=\"https:\/\/www.meerzeit-binz.de\/wp-content\/uploads\/img-zimmer-superior.jpg\" \/>\n\t<meta property=\"og:image:width\" content=\"1200\" \/>\n\t<meta property=\"og:image:height\" content=\"800\" \/>\n\t<meta property=\"og:image:type\" content=\"image\/jpeg\" \/>\n<meta name=\"twitter:card\" content=\"summary_large_image\" \/>\n<meta name=\"twitter:label1\" content=\"Ber\u00e4knad l\u00e4stid\" \/>\n\t<meta name=\"twitter:data1\" content=\"3 minuter\" \/>\n<script type=\"application\/ld+json\" class=\"yoast-schema-graph\">{\"@context\":\"https:\\\/\\\/schema.org\",\"@graph\":[{\"@type\":\"WebPage\",\"@id\":\"https:\\\/\\\/www.meerzeit-binz.de\\\/sv\\\/\",\"url\":\"https:\\\/\\\/www.meerzeit-binz.de\\\/sv\\\/\",\"name\":\"Hotel Meerzeit Binz \u2013 Ihr Wohlf\u00fchl-Hotel an der Ostsee\",\"isPartOf\":{\"@id\":\"https:\\\/\\\/www.meerzeit-binz.de\\\/sv\\\/#website\"},\"primaryImageOfPage\":{\"@id\":\"https:\\\/\\\/www.meerzeit-binz.de\\\/sv\\\/#primaryimage\"},\"image\":{\"@id\":\"https:\\\/\\\/www.meerzeit-binz.de\\\/sv\\\/#primaryimage\"},\"thumbnailUrl\":\"https:\\\/\\\/www.meerzeit-binz.de\\\/wp-content\\\/uploads\\\/img-zimmer-superior-1024x683.jpg\",\"datePublished\":\"2016-02-18T14:18:48+00:00\",\"dateModified\":\"2024-12-18T12:40:09+00:00\",\"description\":\"Sie haben eine gute Wahl getroffen! Willkommen im Hotel Meerzeit, Ihrem Wohlf\u00fchlhotel im Ostseebad Binz auf R\u00fcgen, unweit der Schmachte-See-Promenade.\",\"breadcrumb\":{\"@id\":\"https:\\\/\\\/www.meerzeit-binz.de\\\/sv\\\/#breadcrumb\"},\"inLanguage\":\"sv-SE\",\"potentialAction\":[{\"@type\":\"ReadAction\",\"target\":[\"https:\\\/\\\/www.meerzeit-binz.de\\\/sv\\\/\"]}]},{\"@type\":\"ImageObject\",\"inLanguage\":\"sv-SE\",\"@id\":\"https:\\\/\\\/www.meerzeit-binz.de\\\/sv\\\/#primaryimage\",\"url\":\"https:\\\/\\\/www.meerzeit-binz.de\\\/wp-content\\\/uploads\\\/img-zimmer-superior-1024x683.jpg\",\"contentUrl\":\"https:\\\/\\\/www.meerzeit-binz.de\\\/wp-content\\\/uploads\\\/img-zimmer-superior-1024x683.jpg\"},{\"@type\":\"BreadcrumbList\",\"@id\":\"https:\\\/\\\/www.meerzeit-binz.de\\\/sv\\\/#breadcrumb\",\"itemListElement\":[{\"@type\":\"ListItem\",\"position\":1,\"name\":\"Home\",\"item\":\"https:\\\/\\\/www.meerzeit-binz.de\\\/sv\\\/\"},{\"@type\":\"ListItem\",\"position\":2,\"name\":\"Frontpage\"}]},{\"@type\":\"WebSite\",\"@id\":\"https:\\\/\\\/www.meerzeit-binz.de\\\/sv\\\/#website\",\"url\":\"https:\\\/\\\/www.meerzeit-binz.de\\\/sv\\\/\",\"name\":\"Hotel Meerzeit Binz on Ruegen at the baltic sea\",\"description\":\"Ditt hotell p\u00e5 R\u00fcgen\",\"publisher\":{\"@id\":\"https:\\\/\\\/www.meerzeit-binz.de\\\/sv\\\/#organization\"},\"potentialAction\":[{\"@type\":\"SearchAction\",\"target\":{\"@type\":\"EntryPoint\",\"urlTemplate\":\"https:\\\/\\\/www.meerzeit-binz.de\\\/sv\\\/?s={search_term_string}\"},\"query-input\":{\"@type\":\"PropertyValueSpecification\",\"valueRequired\":true,\"valueName\":\"search_term_string\"}}],\"inLanguage\":\"sv-SE\"},{\"@type\":\"Organization\",\"@id\":\"https:\\\/\\\/www.meerzeit-binz.de\\\/sv\\\/#organization\",\"name\":\"Hotel Meerzeit\",\"url\":\"https:\\\/\\\/www.meerzeit-binz.de\\\/sv\\\/\",\"logo\":{\"@type\":\"ImageObject\",\"inLanguage\":\"sv-SE\",\"@id\":\"https:\\\/\\\/www.meerzeit-binz.de\\\/sv\\\/#\\\/schema\\\/logo\\\/image\\\/\",\"url\":\"https:\\\/\\\/www.meerzeit-binz.de\\\/wp-content\\\/uploads\\\/logo-hotel-meerzeit-binz-s.png\",\"contentUrl\":\"https:\\\/\\\/www.meerzeit-binz.de\\\/wp-content\\\/uploads\\\/logo-hotel-meerzeit-binz-s.png\",\"width\":540,\"height\":400,\"caption\":\"Hotel Meerzeit\"},\"image\":{\"@id\":\"https:\\\/\\\/www.meerzeit-binz.de\\\/sv\\\/#\\\/schema\\\/logo\\\/image\\\/\"}}]}<\/script>\n<!-- \/ Yoast SEO plugin. -->","yoast_head_json":{"title":"Hotel Meerzeit Binz \u2013 Ihr Wohlf\u00fchl-Hotel an der Ostsee","description":"Sie haben eine gute Wahl getroffen! Willkommen im Hotel Meerzeit, Ihrem Wohlf\u00fchlhotel im Ostseebad Binz auf R\u00fcgen, unweit der Schmachte-See-Promenade.","robots":{"index":"index","follow":"follow","max-snippet":"max-snippet:-1","max-image-preview":"max-image-preview:large","max-video-preview":"max-video-preview:-1"},"canonical":"https:\/\/www.meerzeit-binz.de\/sv\/","og_locale":"sv_SE","og_type":"article","og_title":"Hotel Meerzeit Binz \u2013 Ihr Wohlf\u00fchl-Hotel an der Ostsee","og_description":"Sie haben eine gute Wahl getroffen! Willkommen im Hotel Meerzeit, Ihrem Wohlf\u00fchlhotel im Ostseebad Binz auf R\u00fcgen, unweit der Schmachte-See-Promenade.","og_url":"https:\/\/www.meerzeit-binz.de\/sv\/","og_site_name":"Hotel Meerzeit Binz on Ruegen at the baltic sea","article_modified_time":"2024-12-18T12:40:09+00:00","og_image":[{"width":1200,"height":800,"url":"https:\/\/www.meerzeit-binz.de\/wp-content\/uploads\/img-zimmer-superior.jpg","type":"image\/jpeg"}],"twitter_card":"summary_large_image","twitter_misc":{"Ber\u00e4knad l\u00e4stid":"3 minuter"},"schema":{"@context":"https:\/\/schema.org","@graph":[{"@type":"WebPage","@id":"https:\/\/www.meerzeit-binz.de\/sv\/","url":"https:\/\/www.meerzeit-binz.de\/sv\/","name":"Hotel Meerzeit Binz \u2013 Ihr Wohlf\u00fchl-Hotel an der Ostsee","isPartOf":{"@id":"https:\/\/www.meerzeit-binz.de\/sv\/#website"},"primaryImageOfPage":{"@id":"https:\/\/www.meerzeit-binz.de\/sv\/#primaryimage"},"image":{"@id":"https:\/\/www.meerzeit-binz.de\/sv\/#primaryimage"},"thumbnailUrl":"https:\/\/www.meerzeit-binz.de\/wp-content\/uploads\/img-zimmer-superior-1024x683.jpg","datePublished":"2016-02-18T14:18:48+00:00","dateModified":"2024-12-18T12:40:09+00:00","description":"Sie haben eine gute Wahl getroffen! Willkommen im Hotel Meerzeit, Ihrem Wohlf\u00fchlhotel im Ostseebad Binz auf R\u00fcgen, unweit der Schmachte-See-Promenade.","breadcrumb":{"@id":"https:\/\/www.meerzeit-binz.de\/sv\/#breadcrumb"},"inLanguage":"sv-SE","potentialAction":[{"@type":"ReadAction","target":["https:\/\/www.meerzeit-binz.de\/sv\/"]}]},{"@type":"ImageObject","inLanguage":"sv-SE","@id":"https:\/\/www.meerzeit-binz.de\/sv\/#primaryimage","url":"https:\/\/www.meerzeit-binz.de\/wp-content\/uploads\/img-zimmer-superior-1024x683.jpg","contentUrl":"https:\/\/www.meerzeit-binz.de\/wp-content\/uploads\/img-zimmer-superior-1024x683.jpg"},{"@type":"BreadcrumbList","@id":"https:\/\/www.meerzeit-binz.de\/sv\/#breadcrumb","itemListElement":[{"@type":"ListItem","position":1,"name":"Home","item":"https:\/\/www.meerzeit-binz.de\/sv\/"},{"@type":"ListItem","position":2,"name":"Frontpage"}]},{"@type":"WebSite","@id":"https:\/\/www.meerzeit-binz.de\/sv\/#website","url":"https:\/\/www.meerzeit-binz.de\/sv\/","name":"Hotel Meerzeit Binz on Ruegen at the baltic sea","description":"Ditt hotell p\u00e5 R\u00fcgen","publisher":{"@id":"https:\/\/www.meerzeit-binz.de\/sv\/#organization"},"potentialAction":[{"@type":"SearchAction","target":{"@type":"EntryPoint","urlTemplate":"https:\/\/www.meerzeit-binz.de\/sv\/?s={search_term_string}"},"query-input":{"@type":"PropertyValueSpecification","valueRequired":true,"valueName":"search_term_string"}}],"inLanguage":"sv-SE"},{"@type":"Organization","@id":"https:\/\/www.meerzeit-binz.de\/sv\/#organization","name":"Hotel Meerzeit","url":"https:\/\/www.meerzeit-binz.de\/sv\/","logo":{"@type":"ImageObject","inLanguage":"sv-SE","@id":"https:\/\/www.meerzeit-binz.de\/sv\/#\/schema\/logo\/image\/","url":"https:\/\/www.meerzeit-binz.de\/wp-content\/uploads\/logo-hotel-meerzeit-binz-s.png","contentUrl":"https:\/\/www.meerzeit-binz.de\/wp-content\/uploads\/logo-hotel-meerzeit-binz-s.png","width":540,"height":400,"caption":"Hotel Meerzeit"},"image":{"@id":"https:\/\/www.meerzeit-binz.de\/sv\/#\/schema\/logo\/image\/"}}]}},"_links":{"self":[{"href":"https:\/\/www.meerzeit-binz.de\/sv\/wp-json\/wp\/v2\/pages\/3998","targetHints":{"allow":["GET"]}}],"collection":[{"href":"https:\/\/www.meerzeit-binz.de\/sv\/wp-json\/wp\/v2\/pages"}],"about":[{"href":"https:\/\/www.meerzeit-binz.de\/sv\/wp-json\/wp\/v2\/types\/page"}],"author":[{"embeddable":true,"href":"https:\/\/www.meerzeit-binz.de\/sv\/wp-json\/wp\/v2\/users\/1"}],"replies":[{"embeddable":true,"href":"https:\/\/www.meerzeit-binz.de\/sv\/wp-json\/wp\/v2\/comments?post=3998"}],"version-history":[{"count":7,"href":"https:\/\/www.meerzeit-binz.de\/sv\/wp-json\/wp\/v2\/pages\/3998\/revisions"}],"predecessor-version":[{"id":4639,"href":"https:\/\/www.meerzeit-binz.de\/sv\/wp-json\/wp\/v2\/pages\/3998\/revisions\/4639"}],"wp:attachment":[{"href":"https:\/\/www.meerzeit-binz.de\/sv\/wp-json\/wp\/v2\/media?parent=3998"}],"curies":[{"name":"wp","href":"https:\/\/api.w.org\/{rel}","templated":true}]}}